{"id":3425,"date":"2025-12-07T19:28:30","date_gmt":"2025-12-07T18:28:30","guid":{"rendered":"https:\/\/dev.amis-archives-ariege.fr\/?page_id=3425"},"modified":"2025-12-07T19:33:16","modified_gmt":"2025-12-07T18:33:16","slug":"notre-histoire","status":"publish","type":"page","link":"https:\/\/www.amis-archives-ariege.fr\/?page_id=3425","title":{"rendered":"Notre histoire"},"content":{"rendered":"\n<p>A faire <\/p>\n\n\n\n<p><em>\u00ab\u00a0Les associations d&rsquo;amis d&rsquo;institutions culturelles du d\u00e9but du XXe si\u00e8cle \u00e0 nos jours. <strong>Le cas des Amis des archives de l&rsquo;Ari\u00e8ge\u00a0\u00bb<\/strong><\/em>, <strong>Emilie PAPAIX<\/strong>, Master 1, Histoire et document (2015-2016). &nbsp;&nbsp;&nbsp;&nbsp;<a href=\"http:\/\/localhost\/wordpress\/wp-content\/uploads\/2025\/05\/master1-2015-2016-papaix.pdf\"><img decoding=\"async\" src=\"http:\/\/localhost\/wordpress\/wp-content\/uploads\/2025\/03\/icone-pdf.png\" width=\"24\"><\/a><\/p>\n","protected":false},"excerpt":{"rendered":"<p>A faire \u00ab\u00a0Les associations d&rsquo;amis d&rsquo;institutions culturelles du d\u00e9but du XXe si\u00e8cle \u00e0 nos jours. Le cas des Amis des archives de l&rsquo;Ari\u00e8ge\u00a0\u00bb, Emilie PAPAIX, Master 1, Histoire et document (2015-2016). &nbsp;&nbsp;&nbsp;&nbsp;<\/p>\n","protected":false},"author":4,"featured_media":0,"parent":0,"menu_order":0,"comment_status":"closed","ping_status":"closed","template":"","meta":{"footnotes":""},"class_list":["post-3425","page","type-page","status-publish","hentry"],"_links":{"self":[{"href":"https:\/\/www.amis-archives-ariege.fr\/index.php?rest_route=\/wp\/v2\/pages\/3425","targetHints":{"allow":["GET"]}}],"collection":[{"href":"https:\/\/www.amis-archives-ariege.fr\/index.php?rest_route=\/wp\/v2\/pages"}],"about":[{"href":"https:\/\/www.amis-archives-ariege.fr\/index.php?rest_route=\/wp\/v2\/types\/page"}],"author":[{"embeddable":true,"href":"https:\/\/www.amis-archives-ariege.fr\/index.php?rest_route=\/wp\/v2\/users\/4"}],"replies":[{"embeddable":true,"href":"https:\/\/www.amis-archives-ariege.fr\/index.php?rest_route=%2Fwp%2Fv2%2Fcomments&post=3425"}],"version-history":[{"count":2,"href":"https:\/\/www.amis-archives-ariege.fr\/index.php?rest_route=\/wp\/v2\/pages\/3425\/revisions"}],"predecessor-version":[{"id":3428,"href":"https:\/\/www.amis-archives-ariege.fr\/index.php?rest_route=\/wp\/v2\/pages\/3425\/revisions\/3428"}],"wp:attachment":[{"href":"https:\/\/www.amis-archives-ariege.fr\/index.php?rest_route=%2Fwp%2Fv2%2Fmedia&parent=3425"}],"curies":[{"name":"wp","href":"https:\/\/api.w.org\/{rel}","templated":true}]}}